{"id":5097,"date":"2021-08-04T10:27:52","date_gmt":"2021-08-04T08:27:52","guid":{"rendered":"https:\/\/benjaminwarehouse.com\/?page_id=5097"},"modified":"2021-10-14T10:44:32","modified_gmt":"2021-10-14T08:44:32","slug":"company","status":"publish","type":"page","link":"https:\/\/benjaminwarehouse.com\/de\/company\/","title":{"rendered":"unternehmen"},"content":{"rendered":"<p>[et_pb_section fb_built=&#8221;1&#8243; fullwidth=&#8221;on&#8221; admin_label=&#8221;Fullpage-Section&#8221; module_class=&#8221;fullpageSection&#8221; _builder_version=&#8221;4.9.4&#8243; _module_preset=&#8221;default&#8221; global_colors_info=&#8221;{}&#8221;][et_pb_nextend_smart_slider_3_fullwidth slider=&#8221;29&#8243; disabled_on=&#8221;on|off|off&#8221; admin_label=&#8221;Chemtrail-Video&#8221; _builder_version=&#8221;4.9.11&#8243; _module_preset=&#8221;default&#8221; global_colors_info=&#8221;{}&#8221;][\/et_pb_nextend_smart_slider_3_fullwidth][et_pb_nextend_smart_slider_3_fullwidth slider=&#8221;54&#8243; disabled_on=&#8221;off|on|on&#8221; admin_label=&#8221;Chemtrail-Video mobile&#8221; _builder_version=&#8221;4.9.11&#8243; _module_preset=&#8221;default&#8221; global_colors_info=&#8221;{}&#8221;][\/et_pb_nextend_smart_slider_3_fullwidth][\/et_pb_section][et_pb_section fb_built=&#8221;1&#8243; fullwidth=&#8221;on&#8221; admin_label=&#8221;Fullpage-Section&#8221; module_class=&#8221;fullpageSection&#8221; _builder_version=&#8221;4.9.4&#8243; _module_preset=&#8221;default&#8221; global_colors_info=&#8221;{}&#8221;][et_pb_nextend_smart_slider_3_fullwidth slider=&#8221;30&#8243; admin_label=&#8221;company text 1&#8243; _builder_version=&#8221;4.9.10&#8243; _module_preset=&#8221;default&#8221; global_colors_info=&#8221;{}&#8221;][\/et_pb_nextend_smart_slider_3_fullwidth][\/et_pb_section][et_pb_section fb_built=&#8221;1&#8243; admin_label=&#8221;Company History Planets&#8221; _builder_version=&#8221;4.9.11&#8243; _module_preset=&#8221;default&#8221; background_color=&#8221;#30383B&#8221; global_colors_info=&#8221;{}&#8221;][et_pb_row _builder_version=&#8221;4.9.10&#8243; _module_preset=&#8221;default&#8221; width=&#8221;100%&#8221; max_width=&#8221;2560px&#8221; global_colors_info=&#8221;{}&#8221;][et_pb_column type=&#8221;4_4&#8243; _builder_version=&#8221;4.9.10&#8243; _module_preset=&#8221;default&#8221; global_colors_info=&#8221;{}&#8221;][et_pb_text disabled_on=&#8221;on|off|off&#8221; admin_label=&#8221;Company Text &#8212; DESKTOP&#8221; _builder_version=&#8221;4.9.11&#8243; _module_preset=&#8221;default&#8221; text_font=&#8221;|300|||||||&#8221; text_text_color=&#8221;#FFFFFF&#8221; text_font_size=&#8221;18px&#8221; header_text_color=&#8221;#FFFFFF&#8221; background_enable_color=&#8221;off&#8221; use_background_color_gradient=&#8221;on&#8221; background_color_gradient_start=&#8221;rgba(255,255,255,0.1)&#8221; background_color_gradient_end=&#8221;rgba(0,0,0,0)&#8221; background_enable_image=&#8221;off&#8221; positioning=&#8221;absolute&#8221; z_index=&#8221;13&#8243; width=&#8221;450px&#8221; max_width=&#8221;500px&#8221; custom_margin=&#8221;130px|||25px|false|false&#8221; custom_padding=&#8221;25px|25px|25px|25px|true|true&#8221; border_radii=&#8221;on|5px|5px|5px|5px&#8221; global_colors_info=&#8221;{}&#8221;]<\/p>\n<h1><span>Eine lange Reise<\/span><\/h1>\n<p><span>Den Traum von der wandlungsf\u00e4higen Fabrik haben wir vor f\u00fcnf Jahren als Vision erdacht. Heute, mit unserem marktreifen Produkt, sind wir technischer Revolution\u00e4r und Pionier in einem. Gemeinsam mit talentierten Menschen und Partnern erwecken wir die Logistik zum Leben<\/span><\/p>\n<p>[\/et_pb_text][et_pb_image src=&#8221;https:\/\/benjaminwarehouse.com\/wp-content\/uploads\/Webseite_Company_timeline_desktop_cropped.png&#8221; title_text=&#8221;Webseite_Company_timeline_desktop_cropped&#8221; align=&#8221;center&#8221; disabled_on=&#8221;on|off|off&#8221; admin_label=&#8221;Company Planets &#8212; DESKTOP&#8221; _builder_version=&#8221;4.9.11&#8243; _module_preset=&#8221;default&#8221; background_color=&#8221;RGBA(0,0,0,0)&#8221; background_enable_image=&#8221;off&#8221; background_size=&#8221;contain&#8221; max_height=&#8221;1000px&#8221; global_colors_info=&#8221;{}&#8221;][\/et_pb_image][et_pb_image src=&#8221;https:\/\/benjaminwarehouse.com\/wp-content\/uploads\/Webeitse_Company_timeline_mobile_cropped.jpg&#8221; title_text=&#8221;orbit_hochkant_freigestellt_cotten&#8221; disabled_on=&#8221;off|on|on&#8221; admin_label=&#8221;Company Planets &#8212; MOBILE&#8221; _builder_version=&#8221;4.9.11&#8243; _module_preset=&#8221;default&#8221; global_colors_info=&#8221;{}&#8221;][\/et_pb_image][et_pb_text disabled_on=&#8221;off|on|on&#8221; admin_label=&#8221;Company Text &#8212; MOBILE&#8221; _builder_version=&#8221;4.9.11&#8243; _module_preset=&#8221;default&#8221; text_font=&#8221;|300|||||||&#8221; text_text_color=&#8221;#FFFFFF&#8221; text_font_size=&#8221;18px&#8221; header_text_color=&#8221;#FFFFFF&#8221; background_enable_color=&#8221;off&#8221; background_enable_image=&#8221;off&#8221; positioning=&#8221;relative&#8221; z_index=&#8221;13&#8243; custom_margin=&#8221;50px||||false|false&#8221; custom_padding=&#8221;|25px||25px|true|true&#8221; border_radii=&#8221;on|5px|5px|5px|5px&#8221; global_colors_info=&#8221;{}&#8221;]<\/p>\n<h1><span>Eine lange Reise<\/span><\/h1>\n<p><span>Den Traum von der wandlungsf\u00e4higen Fabrik haben wir vor f\u00fcnf Jahren als Vision erdacht. Heute, mit unserem marktreifen Produkt, sind wir technischer Revolution\u00e4r und Pionier in einem. Gemeinsam mit talentierten Menschen und Partnern erwecken wir die Logistik zum Leben<\/span><\/p>\n<p>[\/et_pb_text][\/et_pb_column][\/et_pb_row][\/et_pb_section][et_pb_section fb_built=&#8221;1&#8243; _builder_version=&#8221;4.11.2&#8243; _module_preset=&#8221;default&#8221; background_image=&#8221;https:\/\/benjaminwarehouse.com\/wp-content\/uploads\/Webseite_Company_Office.png&#8221; hover_enabled=&#8221;0&#8243; global_colors_info=&#8221;{}&#8221; sticky_enabled=&#8221;0&#8243; admin_label=&#8221;Management Section&#8221;][et_pb_row column_structure=&#8221;1_2,1_2&#8243; disabled_on=&#8221;off|off|off&#8221; _builder_version=&#8221;4.9.10&#8243; _module_preset=&#8221;default&#8221; background_enable_color=&#8221;off&#8221; custom_margin=&#8221;||||false|false&#8221; global_colors_info=&#8221;{}&#8221;][et_pb_column type=&#8221;1_2&#8243; _builder_version=&#8221;4.9.10&#8243; _module_preset=&#8221;default&#8221; global_colors_info=&#8221;{}&#8221;][et_pb_text admin_label=&#8221;Management Team Headline&#8221; _builder_version=&#8221;4.9.10&#8243; _module_preset=&#8221;default&#8221; header_font=&#8221;|300|||||||&#8221; header_text_color=&#8221;#30383B&#8221; background_enable_color=&#8221;off&#8221; use_background_color_gradient=&#8221;on&#8221; background_color_gradient_start=&#8221;#ffffff&#8221; background_color_gradient_end=&#8221;rgba(0,0,0,0)&#8221; background_color_gradient_direction=&#8221;90deg&#8221; custom_margin=&#8221;||15px||false|false&#8221; custom_padding=&#8221;10px||5px|15px|false|false&#8221; global_colors_info=&#8221;{}&#8221;]<\/p>\n<h1>Management Team<\/h1>\n<p>[\/et_pb_text][\/et_pb_column][et_pb_column type=&#8221;1_2&#8243; _builder_version=&#8221;4.9.10&#8243; _module_preset=&#8221;default&#8221; global_colors_info=&#8221;{}&#8221;][\/et_pb_column][\/et_pb_row][et_pb_row column_structure=&#8221;1_2,1_2&#8243; make_equal=&#8221;on&#8221; admin_label=&#8221;company management team&#8221; module_class=&#8221;managementTeam&#8221; _builder_version=&#8221;4.9.10&#8243; _module_preset=&#8221;default&#8221; min_height=&#8221;520px&#8221; height=&#8221;520px&#8221; global_colors_info=&#8221;{}&#8221;][et_pb_column type=&#8221;1_2&#8243; _builder_version=&#8221;4.9.10&#8243; _module_preset=&#8221;default&#8221; global_colors_info=&#8221;{}&#8221;][et_pb_accordion db_closeable=&#8221;on&#8221; open_toggle_text_color=&#8221;#30383B&#8221; closed_toggle_text_color=&#8221;#30383B&#8221; icon_color=&#8221;#30383B&#8221; _builder_version=&#8221;4.11.2&#8243; _module_preset=&#8221;default&#8221; toggle_text_color=&#8221;#30383B&#8221; toggle_level=&#8221;h4&#8243; toggle_font=&#8221;|300|||||||&#8221; closed_toggle_font=&#8221;|300|||||||&#8221; body_font=&#8221;|300|||||||&#8221; body_text_color=&#8221;#30383B&#8221; hover_enabled=&#8221;0&#8243; custom_css_toggle=&#8221;content: %9222!important;&#8221; custom_css_open_toggle=&#8221;content: %9221;&#8221; global_colors_info=&#8221;{}&#8221; sticky_enabled=&#8221;0&#8243;][et_pb_accordion_item title=&#8221;Lars Bergmann&#8221; open=&#8221;on&#8221; _builder_version=&#8221;4.9.10&#8243; _module_preset=&#8221;default&#8221; global_colors_info=&#8221;{}&#8221;]<\/p>\n<p>Gr\u00fcnder und Gesch\u00e4ftsf\u00fchrer<br \/>Erfinder, Unternehmer und Investor.<\/p>\n<p>Er begann seine Karriere als Berater, aber seine Leidenschaft f\u00fcr Innovationen f\u00fchrte ihn zur Entwicklung der benjamin Technologie, f\u00fcr die er drei Patente erhielt.<\/p>\n<p>[\/et_pb_accordion_item][et_pb_accordion_item title=&#8221;Sebastian Gil&#8221; _builder_version=&#8221;4.9.10&#8243; _module_preset=&#8221;default&#8221; global_colors_info=&#8221;{}&#8221; open=&#8221;off&#8221;]<\/p>\n<p>Vorstandsmitglied<br \/>Mehr als 20 Jahre Erfahrung in der Softwareentwicklung.<\/p>\n<p>Wirkt als Berater im Allgemeinen und als Impulsgeber im Bereich der Softwareentwicklung.<\/p>\n<p>[\/et_pb_accordion_item][et_pb_accordion_item title=&#8221;Markus Stasch&#8221; _builder_version=&#8221;4.11.2&#8243; _module_preset=&#8221;default&#8221; hover_enabled=&#8221;0&#8243; global_colors_info=&#8221;{}&#8221; open=&#8221;off&#8221; sticky_enabled=&#8221;0&#8243;]<\/p>\n<p>Operativer Leiter<br \/>\u00dcber 10 Jahre Erfahrung im Projektmanagement.<\/p>\n<p>Koordiniert die administrativen Aspekte von Benjamin und \u00fcberwacht die Arbeit des Marketingteams.<\/p>\n<p>[\/et_pb_accordion_item][\/et_pb_accordion][et_pb_code admin_label=&#8221;Page specific JavaScript&#8221; _builder_version=&#8221;4.9.10&#8243; _module_preset=&#8221;default&#8221; global_colors_info=&#8221;{}&#8221;]<script src=\"\/wp-content\/themes\/warehouse-child\/js\/page-company.js\"><\/script>[\/et_pb_code][\/et_pb_column][et_pb_column type=&#8221;1_2&#8243; module_class=&#8221;managementTeamImages&#8221; _builder_version=&#8221;4.9.10&#8243; _module_preset=&#8221;default&#8221; global_colors_info=&#8221;{}&#8221;][et_pb_image src=&#8221;https:\/\/benjaminwarehouse.com\/wp-content\/uploads\/Lars_Bergmann_quadratisch.jpg&#8221; title_text=&#8221;Sebastian_Gil_quadratisch&#8221; disabled_on=&#8221;on|off|off&#8221; admin_label=&#8221;Lars&#8221; _builder_version=&#8221;4.9.10&#8243; _module_preset=&#8221;default&#8221; box_shadow_style=&#8221;preset1&#8243; global_colors_info=&#8221;{}&#8221;][\/et_pb_image][et_pb_image src=&#8221;https:\/\/benjaminwarehouse.com\/wp-content\/uploads\/Sebastian_Gil_quadratisch.jpg&#8221; title_text=&#8221;Sebastian_Gil_quadratisch&#8221; disabled_on=&#8221;on|off|off&#8221; admin_label=&#8221;Sebastian&#8221; module_class=&#8221;hiddenImage&#8221; _builder_version=&#8221;4.9.10&#8243; _module_preset=&#8221;default&#8221; box_shadow_style=&#8221;preset1&#8243; global_colors_info=&#8221;{}&#8221;][\/et_pb_image][et_pb_image src=&#8221;https:\/\/benjaminwarehouse.com\/wp-content\/uploads\/Markus_Stasch_quadratisch.jpg&#8221; title_text=&#8221;Sebastian_Gil_quadratisch&#8221; disabled_on=&#8221;on|off|off&#8221; admin_label=&#8221;Markus&#8221; module_class=&#8221;hiddenImage&#8221; _builder_version=&#8221;4.11.2&#8243; _module_preset=&#8221;default&#8221; hover_enabled=&#8221;0&#8243; box_shadow_style=&#8221;preset1&#8243; global_colors_info=&#8221;{}&#8221; sticky_enabled=&#8221;0&#8243;][\/et_pb_image][\/et_pb_column][\/et_pb_row][\/et_pb_section][et_pb_section fb_built=&#8221;1&#8243; _builder_version=&#8221;4.9.10&#8243; _module_preset=&#8221;default&#8221; global_colors_info=&#8221;{}&#8221;][et_pb_row _builder_version=&#8221;4.9.10&#8243; _module_preset=&#8221;default&#8221; width=&#8221;100%&#8221; max_width=&#8221;2560px&#8221; global_colors_info=&#8221;{}&#8221;][et_pb_column type=&#8221;4_4&#8243; _builder_version=&#8221;4.9.10&#8243; _module_preset=&#8221;default&#8221; global_colors_info=&#8221;{}&#8221;][et_pb_text _builder_version=&#8221;4.9.10&#8243; _module_preset=&#8221;default&#8221; text_font=&#8221;|300|||||||&#8221; text_text_color=&#8221;#DAE0E3&#8243; text_font_size=&#8221;20px&#8221; header_font=&#8221;|300|||||||&#8221; header_text_align=&#8221;center&#8221; header_text_color=&#8221;#FFFFFF&#8221; header_font_size=&#8221;50px&#8221; text_orientation=&#8221;center&#8221; global_colors_info=&#8221;{}&#8221;]<\/p>\n<h1><span>Investiert in die Zukunft <\/span><\/h1>\n<p><span><br \/>Wir sind st\u00e4ndig auf der Suche nach strategischen und finanziellen Partnern und nach anderen Pionieren, die sich unserem Ziel anschlie\u00dfen, den neuen und spannenden Markt der automatisierten Intralogistik zu entwickeln. Seien Sie einer der Ersten mit uns zusammen!<\/span><\/p>\n<p>[\/et_pb_text][et_pb_nextend_smart_slider_3 slider=&#8221;51&#8243; _builder_version=&#8221;4.9.10&#8243; _module_preset=&#8221;default&#8221; global_colors_info=&#8221;{}&#8221;][\/et_pb_nextend_smart_slider_3][\/et_pb_column][\/et_pb_row][\/et_pb_section][et_pb_section fb_built=&#8221;1&#8243; admin_label=&#8221;Contact-Section&#8221; module_id=&#8221;contact&#8221; module_class=&#8221;section fullpageSection&#8221; _builder_version=&#8221;4.9.4&#8243; _module_preset=&#8221;default&#8221; background_color=&#8221;#222527&#8243; background_enable_video_mp4=&#8221;off&#8221; z_index=&#8221;10&#8243; min_height=&#8221;100vh&#8221; height=&#8221;100vh&#8221; max_height=&#8221;100vh&#8221; custom_margin=&#8221;||||false|false&#8221; global_module=&#8221;4867&#8243; saved_tabs=&#8221;all&#8221; global_colors_info=&#8221;{%22gcid-9dc45873-aee2-45ab-a816-c97471824d2b%22:%91%22background_color%22%93}&#8221;][et_pb_row admin_label=&#8221;Video-Background&#8221; _builder_version=&#8221;4.9.1&#8243; _module_preset=&#8221;default&#8221; background_color=&#8221;RGBA(0,0,0,0)&#8221; background_video_mp4=&#8221;https:\/\/benjaminwarehouse.com\/wp-content\/uploads\/2020\/12\/01_warehouse_loop_1920_desktop.mp4&#8243; positioning=&#8221;absolute&#8221; width=&#8221;100vw&#8221; max_width=&#8221;100vw&#8221; min_height=&#8221;100vh&#8221; height=&#8221;100vh&#8221; max_height=&#8221;100vh&#8221; filter_opacity=&#8221;10%&#8221; global_colors_info=&#8221;{}&#8221;][et_pb_column type=&#8221;4_4&#8243; _builder_version=&#8221;4.8.1&#8243; _module_preset=&#8221;default&#8221; global_colors_info=&#8221;{}&#8221;][\/et_pb_column][\/et_pb_row][et_pb_row _builder_version=&#8221;4.8.1&#8243; _module_preset=&#8221;default&#8221; positioning=&#8221;absolute&#8221; position_origin_a=&#8221;center_center&#8221; z_index=&#8221;251&#8243; global_colors_info=&#8221;{}&#8221;][et_pb_column type=&#8221;4_4&#8243; _builder_version=&#8221;4.8.1&#8243; _module_preset=&#8221;default&#8221; global_colors_info=&#8221;{}&#8221;][et_pb_text _builder_version=&#8221;4.9.4&#8243; _module_preset=&#8221;default&#8221; text_font=&#8221;|300|||||||&#8221; text_font_size=&#8221;25px&#8221; header_font=&#8221;|300|||||||&#8221; header_text_align=&#8221;center&#8221; header_font_size=&#8221;2.4em&#8221; text_orientation=&#8221;center&#8221; global_colors_info=&#8221;{}&#8221;]<\/p>\n<h1>let`s talk<\/h1>\n<p>+49 6151 8220 566<\/p>\n<p>[\/et_pb_text][et_pb_text _builder_version=&#8221;4.8.1&#8243; _module_preset=&#8221;default&#8221; global_colors_info=&#8221;{}&#8221;]<div role=\"form\" class=\"wpcf7\" id=\"wpcf7-f1264-o1\" lang=\"de-DE\" dir=\"ltr\">\n<div class=\"screen-reader-response\"><p role=\"status\" aria-live=\"polite\" aria-atomic=\"true\"><\/p> <ul><\/ul><\/div>\n<form action=\"\/de\/wp-json\/wp\/v2\/pages\/5097#wpcf7-f1264-o1\" method=\"post\" class=\"wpcf7-form init form contact-form rounded\" novalidate=\"novalidate\" data-status=\"init\" data-trp-original-action=\"\/de\/wp-json\/wp\/v2\/pages\/5097#wpcf7-f1264-o1\">\n<div style=\"display: none;\">\n<input type=\"hidden\" name=\"_wpcf7\" value=\"1264\" \/>\n<input type=\"hidden\" name=\"_wpcf7_version\" value=\"5.5.1\" \/>\n<input type=\"hidden\" name=\"_wpcf7_locale\" value=\"de_DE\" \/>\n<input type=\"hidden\" name=\"_wpcf7_unit_tag\" value=\"wpcf7-f1264-o1\" \/>\n<input type=\"hidden\" name=\"_wpcf7_container_post\" value=\"0\" \/>\n<input type=\"hidden\" name=\"_wpcf7_posted_data_hash\" value=\"\" \/>\n<\/div>\n<div class=\"input\">\n    <label for=\"your-name\">Name<\/label><span class=\"wpcf7-form-control-wrap your-name\"><input type=\"text\" name=\"your-name\" value=\"\" size=\"40\" class=\"wpcf7-form-control wpcf7-text wpcf7-validates-as-required\" aria-required=\"true\" aria-invalid=\"false\" placeholder=\"name*\" \/><\/span>\n<\/div>\n<div class=\"input\">\n    <label for=\"your-email\">E-mail<\/label><span class=\"wpcf7-form-control-wrap your-email\"><input type=\"email\" name=\"your-email\" value=\"\" size=\"40\" class=\"wpcf7-form-control wpcf7-text wpcf7-email wpcf7-validates-as-required wpcf7-validates-as-email\" aria-required=\"true\" aria-invalid=\"false\" placeholder=\"e-mail*\" \/><\/span>\n<\/div>\n<div class=\"input\">\n    <label for=\"your-phone\">Telefon<\/label><span class=\"wpcf7-form-control-wrap your-phone\"><input type=\"text\" name=\"your-phone\" value=\"\" size=\"40\" class=\"wpcf7-form-control wpcf7-text\" aria-invalid=\"false\" placeholder=\"telefon\" \/><\/span>\n<\/div>\n<div class=\"select\">\n    <label for=\"industry\">Industrie<\/label><span class=\"wpcf7-form-control-wrap industrie\"><select name=\"industrie\" class=\"wpcf7-form-control wpcf7-selct-multiselct wpcf7-selct_multiselct\" aria-invalid=\"false\" data-placeholder=\"industry\" data-allow-clear=\"true\" data-width=\"100%\"><option value=\"logistics\">logistik<\/option><option value=\"automatization\">automatisierung<\/option><option value=\"else\">sonstige<\/option><\/select><\/span>\n<\/div>\n<div class=\"textarea\">\n    <label for=\"your-message\">Nachricht<\/label><span class=\"wpcf7-form-control-wrap your-message\"><textarea name=\"your-message\" cols=\"40\" rows=\"10\" class=\"wpcf7-form-control wpcf7-textarea\" aria-invalid=\"false\" placeholder=\"nachricht\"><\/textarea><\/span>\n<\/div>\n<div class=\"checkbox\">\n    <span class=\"wpcf7-form-control-wrap privacy\"><span class=\"wpcf7-form-control wpcf7-acceptance\"><span class=\"wpcf7-list-item\"><label><input type=\"checkbox\" name=\"privacy\" value=\"1\" aria-invalid=\"false\" \/><span class=\"wpcf7-list-item-label\">Ich habe die <a href=\"https:\/\/benjaminwarehouse.com\/de\/privacy_policy\/\">datenschutzhinweise<\/a> gelesen und akzeptiere diese.<\/span><\/label><\/span><\/span><\/span>\n<\/div>\n<div class=\"button\">\n    <input type=\"submit\" value=\"senden\" class=\"wpcf7-form-control has-spinner wpcf7-submit\" \/>\n<\/div>\n<div class=\"wpcf7-response-output\" aria-hidden=\"true\"><\/div><input type=\"hidden\" name=\"trp-form-language\" value=\"de\"\/><\/form><\/div>[\/et_pb_text][\/et_pb_column][\/et_pb_row][et_pb_row _builder_version=&#8221;4.9.3&#8243; _module_preset=&#8221;default&#8221; background_enable_color=&#8221;off&#8221; positioning=&#8221;absolute&#8221; position_origin_a=&#8221;bottom_center&#8221; width=&#8221;100%&#8221; custom_css_main_element=&#8221;bottom:100px;&#8221; global_colors_info=&#8221;{}&#8221;][et_pb_column type=&#8221;4_4&#8243; _builder_version=&#8221;4.9.3&#8243; _module_preset=&#8221;default&#8221; global_colors_info=&#8221;{}&#8221;][et_pb_text disabled_on=&#8221;off|off|off&#8221; admin_label=&#8221;Footer Text&#8221; _builder_version=&#8221;4.9.3&#8243; _module_preset=&#8221;default&#8221; text_font=&#8221;|300|||||||&#8221; text_orientation=&#8221;center&#8221; global_colors_info=&#8221;{}&#8221;]<\/p>\n<p><a href=\"https:\/\/benjaminwarehouse.com\/de\/imprint\/\">impressum<\/a>\u00a0 |\u00a0 <a href=\"https:\/\/benjaminwarehouse.com\/de\/privacy_policy\/\">datenschutzhinweise<\/a>\u00a0 |\u00a0 &copy; <span class=\"divibooster_year\"><\/span><script>jQuery(function($){$(\".divibooster_year\").text(new Date().getFullYear());});<\/script> by benjamin World AG<\/p>\n<p>[\/et_pb_text][\/et_pb_column][\/et_pb_row][\/et_pb_section][et_pb_section fb_built=&#8221;1&#8243; disabled_on=&#8221;on|on|on&#8221; module_class=&#8221;ignore&#8221; _builder_version=&#8221;4.9.10&#8243; _module_preset=&#8221;default&#8221; height=&#8221;0px&#8221; disabled=&#8221;on&#8221; global_colors_info=&#8221;{}&#8221;][et_pb_row _builder_version=&#8221;4.9.10&#8243; _module_preset=&#8221;default&#8221; global_colors_info=&#8221;{}&#8221;][et_pb_column type=&#8221;4_4&#8243; _builder_version=&#8221;4.9.10&#8243; _module_preset=&#8221;default&#8221; global_colors_info=&#8221;{}&#8221;][et_pb_code admin_label=&#8221;Page specific JavaScript&#8221; _builder_version=&#8221;4.9.10&#8243; _module_preset=&#8221;default&#8221; global_colors_info=&#8221;{}&#8221;]<script src=\"\/wp-content\/themes\/warehouse-child\/js\/page-company-fullpage.js\"><\/script>[\/et_pb_code][\/et_pb_column][\/et_pb_row][\/et_pb_section]<\/p>","protected":false},"excerpt":{"rendered":"<p>A long journey We imagined the dream of a transformable factory five years ago as a vision. Today, with our pre-market product, we are a technical revolutionary and pioneer in one. Together with talented people and partners, we bring logistics to lifeA long journey We imagined the dream of a transformable factory five years ago [&hellip;]<\/p>","protected":false},"author":2,"featured_media":0,"parent":0,"menu_order":0,"comment_status":"closed","ping_status":"closed","template":"","meta":{"_et_pb_use_builder":"on","_et_pb_old_content":"","_et_gb_content_width":""},"_links":{"self":[{"href":"https:\/\/benjaminwarehouse.com\/de\/wp-json\/wp\/v2\/pages\/5097"}],"collection":[{"href":"https:\/\/benjaminwarehouse.com\/de\/wp-json\/wp\/v2\/pages"}],"about":[{"href":"https:\/\/benjaminwarehouse.com\/de\/wp-json\/wp\/v2\/types\/page"}],"author":[{"embeddable":true,"href":"https:\/\/benjaminwarehouse.com\/de\/wp-json\/wp\/v2\/users\/2"}],"replies":[{"embeddable":true,"href":"https:\/\/benjaminwarehouse.com\/de\/wp-json\/wp\/v2\/comments?post=5097"}],"version-history":[{"count":160,"href":"https:\/\/benjaminwarehouse.com\/de\/wp-json\/wp\/v2\/pages\/5097\/revisions"}],"predecessor-version":[{"id":5367,"href":"https:\/\/benjaminwarehouse.com\/de\/wp-json\/wp\/v2\/pages\/5097\/revisions\/5367"}],"wp:attachment":[{"href":"https:\/\/benjaminwarehouse.com\/de\/wp-json\/wp\/v2\/media?parent=5097"}],"curies":[{"name":"wp","href":"https:\/\/api.w.org\/{rel}","templated":true}]}}