{"id":1378,"date":"2020-12-08T12:47:08","date_gmt":"2020-12-08T11:47:08","guid":{"rendered":"https:\/\/fluidwarehouse.com\/privacy-policy-copy\/"},"modified":"2021-09-09T16:25:35","modified_gmt":"2021-09-09T14:25:35","slug":"imprint","status":"publish","type":"page","link":"https:\/\/benjaminwarehouse.com\/de\/imprint\/","title":{"rendered":"impressum"},"content":{"rendered":"<p>[et_pb_section fb_built=&#8221;1&#8243; _builder_version=&#8221;3.22&#8243; global_colors_info=&#8221;{}&#8221;][et_pb_row _builder_version=&#8221;3.25&#8243; background_size=&#8221;initial&#8221; background_position=&#8221;top_left&#8221; background_repeat=&#8221;repeat&#8221; global_colors_info=&#8221;{}&#8221;][et_pb_column type=&#8221;4_4&#8243; _builder_version=&#8221;3.25&#8243; custom_padding=&#8221;|||&#8221; global_colors_info=&#8221;{}&#8221; custom_padding__hover=&#8221;|||&#8221;][et_pb_text _builder_version=&#8221;4.9.11&#8243; background_size=&#8221;initial&#8221; background_position=&#8221;top_left&#8221; background_repeat=&#8221;repeat&#8221; hover_enabled=&#8221;0&#8243; global_colors_info=&#8221;{}&#8221; sticky_enabled=&#8221;0&#8243;]<\/p>\n<p><!-- divi:themify-builder\/canvas \/--><\/p>\n<h1>Impressum<\/h1>\n<p>&nbsp;<\/p>\n<h2 id=\"m46\">Betreiber<\/h2>\n<p>benjamin Warehouse AG<br \/>Bahnhofstr. 10<br \/>6300 Zug<br \/>Switzerland<\/p>\n<h2 id=\"m56\">Kontakt<\/h2>\n<p><strong>E-Mail Addresse:<\/strong> <a href=\"mailto:info@benjaminwarehouse.com\">info@benjaminwarehouse.com<\/a><\/p>\n<p><strong>Telefon:<\/strong> +49<span>61518220566<\/span><\/p>\n<h2 id=\"m58\">Angaben zum Unternehmen<\/h2>\n<p><strong>USt. Nr.:<\/strong> DE 291768301<\/p>\n<p><strong>Gesch\u00e4ftsbereich:<\/strong> Intralogistik<\/p>\n<h2 id=\"m72\">Berufshaftpflichtversicherung<\/h2>\n<p>Gothaer Allgemeine Versicherung AG<br \/>Gothaer Allee 1<br \/>50969 K\u00f6ln<\/p>\n<h2 id=\"m151\">Register und Registernummer<\/h2>\n<p>Handelsregister<\/p>\n<p><strong>Gef\u00fchrt bei:<\/strong> Amtsgericht Darmstadt<\/p>\n<p><strong>Nummer:<\/strong> HRB 92604<\/p>\n<h2 id=\"m65\">Haftungs- und Schutzrechtshinweise<\/h2>\n<p><strong>Haftungsausschluss:<\/strong>Die Inhalte dieses Onlineangebotes wurden sorgf\u00e4ltig und nach unserem aktuellen Kenntnisstand erstellt, dienen jedoch nur der Information und entfalten keine rechtlich bindende Wirkung, sofern es sich nicht um gesetzlich verpflichtende Informationen (z.B. das Impressum, die Datenschutzerkl\u00e4rung, AGB oder verpflichtende Belehrungen von Verbrauchern) handelt. Wir behalten uns vor, die Inhalte vollst\u00e4ndig oder teilweise zu \u00e4ndern oder zu l\u00f6schen, soweit vertragliche Verpflichtungen unber\u00fchrt bleiben. Alle Angebote sind freibleibend und unverbindlich.<\/p>\n<p><strong>Links auf fremde Webseiten:<\/strong>Inhalte fremder Webseiten, auf die wir direkt oder indirekt verweisen, liegen au\u00dferhalb unseres Verantwortungsbereiches und machen wir uns nicht zu Eigen. F\u00fcr alle Inhalte und insbesondere f\u00fcr Sch\u00e4den, die aus der Nutzung der in den verlinkten Webseiten aufrufbaren Informationen entstehen, haftet allein der Anbieter der verlinkten Webseiten.<\/p>\n<p><strong>Urheberrechte und Markenrechte:<\/strong>Alle auf dieser Website dargestellten Inhalte, wie Texte, Fotografien, Grafiken, Marken und Warenzeichen sind durch die jeweiligen Schutzrechte (Urheberrechte, Markenrechte) gesch\u00fctzt. Die Verwendung, Vervielf\u00e4ltigung usw. unterliegen unseren Rechten oder den Rechten der jeweiligen Urheber bzw. Rechteverwalter.<\/p>\n<p><strong>Hinweise auf Rechtsverst\u00f6\u00dfe:<\/strong>Sollten Sie innerhalb unseres Internetauftritts Rechtsverst\u00f6\u00dfe bemerken, bitten wir Sie uns auf diese hinzuweisen. Wir werden rechtswidrige Inhalte und Links nach Kenntnisnahme unverz\u00fcglich entfernen.<\/p>\n<p><!--\/themify_builder_static--><\/p>\n<p>&nbsp;<\/p>\n<p>[\/et_pb_text][\/et_pb_column][\/et_pb_row][\/et_pb_section]<\/p>","protected":false},"excerpt":{"rendered":"<p>Legal Notice &nbsp; Provider benjamin Warehouse AGBahnhofstr. 106300 ZugSwitzerland Contact Options E-Mail Address: info@benjaminwarehouse.com Phone: +4961518220566 Company Details VAT identification number: DE 291768301 Business area: Intralogistics Professional Liability Insurance Gothaer Allgemeine Versicherung AGGothaer Allee 150969 K\u00f6ln Register, Type of Register and Register Number Commercial Register The register is administered by: Amtsgericht Darmstadt Register number: HRB [&hellip;]<\/p>","protected":false},"author":2,"featured_media":0,"parent":0,"menu_order":210,"comment_status":"closed","ping_status":"closed","template":"","meta":{"_et_pb_use_builder":"on","_et_pb_old_content":"<!-- wp:themify-builder\/canvas \/-->\n\n<p><!--themify_builder_static--><\/p>\n<p>Imprint<\/p>\n<p>fluid Warehouse AG<br>Bahnhofstra\u00dfe 10<br>6300 Zug (headquarter)<br>P: +49 62-782 011 2<br>F: <br>Email: info@fluidwarehouse.com<\/p>\n<p>MWsT-Nr. <br>UID-Nr.<\/p>\n<p><\/p>\n<p><!--\/themify_builder_static--><\/p>","_et_gb_content_width":"1080"},"_links":{"self":[{"href":"https:\/\/benjaminwarehouse.com\/de\/wp-json\/wp\/v2\/pages\/1378"}],"collection":[{"href":"https:\/\/benjaminwarehouse.com\/de\/wp-json\/wp\/v2\/pages"}],"about":[{"href":"https:\/\/benjaminwarehouse.com\/de\/wp-json\/wp\/v2\/types\/page"}],"author":[{"embeddable":true,"href":"https:\/\/benjaminwarehouse.com\/de\/wp-json\/wp\/v2\/users\/2"}],"replies":[{"embeddable":true,"href":"https:\/\/benjaminwarehouse.com\/de\/wp-json\/wp\/v2\/comments?post=1378"}],"version-history":[{"count":15,"href":"https:\/\/benjaminwarehouse.com\/de\/wp-json\/wp\/v2\/pages\/1378\/revisions"}],"predecessor-version":[{"id":5360,"href":"https:\/\/benjaminwarehouse.com\/de\/wp-json\/wp\/v2\/pages\/1378\/revisions\/5360"}],"wp:attachment":[{"href":"https:\/\/benjaminwarehouse.com\/de\/wp-json\/wp\/v2\/media?parent=1378"}],"curies":[{"name":"wp","href":"https:\/\/api.w.org\/{rel}","templated":true}]}}